{"id":109,"date":"2018-06-18T00:04:40","date_gmt":"2018-06-18T00:04:40","guid":{"rendered":"http:\/\/www.koc.de\/?page_id=109"},"modified":"2018-06-25T13:10:17","modified_gmt":"2018-06-25T13:10:17","slug":"koc-impressum","status":"publish","type":"page","link":"https:\/\/www.koc.de\/?page_id=109","title":{"rendered":"Impressum"},"content":{"rendered":"<h3><strong>Koc Unternehmensberatungs GmbH<\/strong><\/h3>\n<p>&nbsp;<\/p>\n<table border=\"1\" style=\"text-align: left; vertical-align: middle; width:50%\">\n<tr>\n<td style=\"text-align: left\">Gesch\u00e4ftsf\u00fchrer:   Mehmet Ko\u00e7<\/td>\n<\/tr>\n<tr>\n<td style=\"text-align: left\">Oranienstra\u00dfe 55 <br \/>\n10969 Berlin &#8211; Kreuzberg<\/td>\n<\/tr>\n<tr>\n<td  style=\"text-align: left\">Tel.:   030 \/ 690 40 390 <br \/>\nFax:   030 \/ 690 40 392\n<\/td>\n<\/tr>\n<tr>\n<td style=\"text-align: left\">Mo, Fr   09.00 &#8211; 16.00 Uhr <br \/>\nDi &#8211; Do.   09.00 &#8211; 18.00 Uhr\n<\/td>\n<\/tr>\n<tr>\n<td style=\"text-align: left\">Umsatzsteuer-ID:   282940460 <\/td>\n<\/tr>\n<tr>\n<td style=\"text-align: left\">Mail:   koc-gmbh@gmx.de<\/td>\n<\/tr>\n<tr>\n<td style=\"text-align: left\">Web:   www.koc.de<\/td>\n<\/tr>\n<\/table>\n<h3>Copyright<\/h3>\n<p>Das Copyright f\u00fcr ver\u00f6ffentlichte Bilder, Fotos, Grafiken, Media Dateien und Texten von Koc Unternehmensberatung GmbH, bleibt ausschlie\u00dflich bei Koc Unternehmensberatung GmbH. Eine Vervielf\u00e4ltigung oder Verwendung in anderen elektronischen oder gedruckten Publikationen ist ohne ausdr\u00fcckliche schriftliche Zustimmung von Koc Unternehmensberatung GmbH, nicht gestattet. Kopieren, Weiterleiten oder Reproduktion (inklusive Ausdrucks auf Papier) der gesamten Internetseite bzw. von Teilen dieser Internetseite ist nur nach R\u00fccksprache mit Koc Unternehmensberatung GmbH gestattet.<\/p>\n<h3>Haftungsausschluss<\/h3>\n<p>Unsere Website wurde mit gr\u00f6\u00dfter Sorgfalt erstellt. Dennoch k\u00f6nnen wir keinerlei Garantie f\u00fcr die Fehlerfreiheit der auf den Seiten angebotenen Informationen \u00fcbernehmen. Koc Unternehmensberatung GmbH haftet nicht f\u00fcr Sch\u00e4den, die direkt oder indirekt aus der Benutzung der Website entstehen, soweit diese nicht auf Vorsatz oder grober Fahrl\u00e4ssigkeit von Koc Unternehmensberatung GmbH beruhen.<\/p>\n<h3>Verweise auf Websites Dritter<\/h3>\n<p>Unsere Website kann auf andere Websites verweisen. Koc Unternehmensberatung GmbH hat trotz sorgf\u00e4ltiger inhaltlicher Kontrolle keinen Einfluss auf fremde Websites und \u00fcbernimmt keinerlei Verantwortung f\u00fcr deren Inhalt.<\/p>\n<p>Wir behandeln pers\u00f6nliche Daten, die Sie uns \u00fcber Kontaktformulare unserer Website \u00fcbermitteln oder beim Besuch unserer Webseiten erhoben werden, gem\u00e4\u00df den gesetzlichen Bestimmungen vertraulich. Ohne Ihre ausdr\u00fcckliche Zustimmung erfolgt keine Weitergabe Ihrer pers\u00f6nlichen Daten an Dritte. Sie k\u00f6nnen die von uns gespeicherten Daten jederzeit schriftlich abfragen. Sie haben au\u00dferdem das Recht, von uns die Sperrung bzw. L\u00f6schung Ihrer Daten zu verlangen.<\/p>\n<h3>Google Analytics<\/h3>\n<p>Diese Website benutzt Google Analytics, einen Webanalysedienst der Google Inc. (\u00bbGoogle\u00ab) Google Analytics verwendet sog. \u00bbCookies\u00ab, Textdateien, die auf Ihrem Computer gespeichert werden und die in eine Analyse der Benutzung der Website durch Sie erm\u00f6glicht. Die durch den Cookie erzeugten Informationen \u00fcber Ihre Benutzung dieser Website (einschlie\u00dflich Ihrer IP-Adresse) wird an einen Server von Google in den USA \u00fcbertragen und dort gespeichert. Google wird diese Informationen benutzen, um Ihre Nutzung der Website auszuwerten, um Reports \u00fcber die Websiteaktivit\u00e4ten f\u00fcr die Websitebetreiber zusammenzustellen und um weitere mit der Websitenutzung und der Internetnutzung verbundenen Dienstleistungen zu erbringen. Auch wird Google diese Informationen gegebenenfalls an Dritte \u00fcbertragen, sofern dies gesetzlich vorgeschrieben oder soweit Dritte diese Daten im Auftrag von Google verarbeiten. Google wird in keinem Fall Ihre IP-Adresse mit anderen Daten der Google in Verbindung bringen. Sie k\u00f6nnen die Installation der Cookies durch eine entsprechende Einstellung Ihrer Browser Software verhindern; wir weisen Sie jedoch darauf hin, dass Sie in diesem Fall gegebenenfalls nicht s\u00e4mtliche Funktionen dieser Website voll umf\u00e4nglich nutzen k\u00f6nnen. Durch die Nutzung dieser Website erkl\u00e4ren Sie sich mit der Bearbeitung der \u00fcber Sie erhobenen Daten durch Google in der zuvor beschriebenen Art und Weise und zu dem zuvor benannten Zweck einverstanden.<\/p>\n<p>Alle Rechte vorbehalten. Technische \u00c4nderungen und Irrt\u00fcmer vorbehalten<\/p>\n","protected":false},"excerpt":{"rendered":"<p>Koc Unternehmensberatungs GmbH &nbsp; Gesch\u00e4ftsf\u00fchrer: Mehmet Ko\u00e7 Oranienstra\u00dfe 55 10969 Berlin &#8211; Kreuzberg Tel.: 030 \/ 690 40 390 Fax: 030 \/ 690 40 392 Mo,<span class=\"excerpt-hellip\"> [\u2026]<\/span><\/p>\n","protected":false},"author":1,"featured_media":0,"parent":0,"menu_order":0,"comment_status":"closed","ping_status":"closed","template":"","meta":{"_exactmetrics_skip_tracking":false,"_exactmetrics_sitenote_active":false,"_exactmetrics_sitenote_note":"","_exactmetrics_sitenote_category":0},"_links":{"self":[{"href":"https:\/\/www.koc.de\/index.php?rest_route=\/wp\/v2\/pages\/109"}],"collection":[{"href":"https:\/\/www.koc.de\/index.php?rest_route=\/wp\/v2\/pages"}],"about":[{"href":"https:\/\/www.koc.de\/index.php?rest_route=\/wp\/v2\/types\/page"}],"author":[{"embeddable":true,"href":"https:\/\/www.koc.de\/index.php?rest_route=\/wp\/v2\/users\/1"}],"replies":[{"embeddable":true,"href":"https:\/\/www.koc.de\/index.php?rest_route=%2Fwp%2Fv2%2Fcomments&post=109"}],"version-history":[{"count":17,"href":"https:\/\/www.koc.de\/index.php?rest_route=\/wp\/v2\/pages\/109\/revisions"}],"predecessor-version":[{"id":204,"href":"https:\/\/www.koc.de\/index.php?rest_route=\/wp\/v2\/pages\/109\/revisions\/204"}],"wp:attachment":[{"href":"https:\/\/www.koc.de\/index.php?rest_route=%2Fwp%2Fv2%2Fmedia&parent=109"}],"curies":[{"name":"wp","href":"https:\/\/api.w.org\/{rel}","templated":true}]}}