{"id":141,"date":"2018-06-21T07:07:29","date_gmt":"2018-06-21T07:07:29","guid":{"rendered":"http:\/\/www.koc.de\/?page_id=141"},"modified":"2018-06-21T21:05:59","modified_gmt":"2018-06-21T21:05:59","slug":"tuerkiyedeki-girisimciler","status":"publish","type":"page","link":"https:\/\/www.koc.de\/?page_id=141","title":{"rendered":"T\u00fcrkiye&#8217;deki Giri\u015fimciler \u0130\u00e7in Hizmetlerimiz"},"content":{"rendered":"<h3>T\u00fcrkiye\u2019deki giri\u015fimciler i\u00e7in hizmetlerimiz mevcuttur.<\/h3>\n<p>B\u00fct\u00fcn bu bilgileri Alman Ticaret Odas\u0131 \u0130stanbuldan da alabilirsiniz, Randevular zor olsa da.<\/p>\n<p>AB d\u0131\u015f\u0131nda bulunan ve Almanya\u2019ya yat\u0131r\u0131m ama\u00e7l\u0131 gelmek isteyen T\u00fcrk giri\u015fimciler i\u00e7in Almanya Schengen vizesi zorunlulu\u011fu istemektedir. Uygulamada buna ticari vize (Businessvisum) denilmektedir. Bu vizeyi T\u00fcrkiye\u2019de ticari faaliyet y\u00fcr\u00fcten ki\u015filerin almas\u0131 m\u00fcmk\u00fcnd\u00fcr. 180 g\u00fcn i\u00e7inde 90 g\u00fcn olarak verilen vize ile bu zaman i\u00e7erisinde Almanya\u2019da;<\/p>\n<ul>\n<li>Kurulacak \u015firketin ana s\u00f6zle\u015fmesini,<\/li>\n<li>Alman bir noter \u00fczerinden mahkemelerdeki ticaret sicile \u015firket kayd\u0131n\u0131n yap\u0131lmas\u0131n\u0131,<\/li>\n<li>Veya ruhsat dairesine ruhsat bildirimde bulunulmas\u0131n\u0131,<\/li>\n<li>Bir \u015firket\/i\u015fletmenin kurulu\u015fu i\u00e7in gerekli banka hesab\u0131 a\u00e7mak, \u015firketin\/i\u015fletmenin kullanaca\u011f\u0131 i\u015fyeri, depo benzeri yerlerin kira s\u00f6zle\u015fmelerini yapmak,<\/li>\n<li>\u0130\u015f ortaklar\u0131 ve\/veya i\u015f ba\u011flant\u0131s\u0131 yap\u0131lacak ki\u015filer\/firmalarla g\u00f6r\u00fc\u015fme, pazarl\u0131k ve nihayetinde s\u00f6zle\u015fmeler yap\u0131labilir.<\/li>\n<\/ul>\n<p>Bu t\u00fcr verilecek vize sadece Almanya\u2019ya yat\u0131r\u0131m yapmay\u0131 ve \u015firket kurmay\u0131 kapsar.<\/p>\n<p>Bu vize i\u00e7in Alman konsolusluklar\u0131n\u0131n istedi\u011fi belgeler;<\/p>\n<ul>\n<li>Almanya\u2019da kurulu bir \u015firketten davet mektubu . Bu durumda sadece \u015firket kurulu\u015fu i\u00e7in verilen b\u00f6yle bir davet mektubu \u00f6rne\u011fin kurulu bir Alman \u015firketinde pay devri al\u0131nmas\u0131 halinde oldu\u011fu gibi ileride Almanya\u2019da oturum ama\u00e7l\u0131 istenecek belgelere de eklenebilir. Alman konsolosluklar\u0131nda bu konu ve gerekli belgelerle ilgili bilgilendirme yap\u0131lmaktad\u0131r.<\/li>\n<li>T\u00fcrkiye\u2019de kurulu \u015firket veya i\u015fletmenin ticaret sicil kayd\u0131 ve idare merkezini ,ba\u015fvuru tarihine kadar hangi ticari faaliyetleri y\u00fcr\u00fctt\u00fc\u011f\u00fcn\u00fc g\u00f6sterir belgeler. Kural olarak burada \u015firket veya i\u015fletmenin son 3-6 ayl\u0131k banka hesap hareketlerini g\u00f6sterir hesap ekstreleri istenmektedir.<\/li>\n<li>Ki\u015fi \u015firket i\u015f\u00e7isi ise i\u015fverenin i\u015f\u00e7i hakk\u0131nda ve y\u00fcr\u00fctt\u00fc\u011f\u00fc i\u015flerle ilgili verece\u011fi bir yaz\u0131 ile ger\u00e7ek seyahat plan\u0131.<\/li>\n<li>Almanya\u2019ya seyahatin giderlerinin nas\u0131l kar\u015f\u0131land\u0131\u011f\u0131na ili\u015fkin belgeler. \u00d6rne\u011fin otel rezervasyonlar\u0131, u\u00e7ak biletleri gibi.<\/li>\n<li>En az 30.000 Euro limitli Seyahat Sa\u011fl\u0131k Sigortas\u0131 poli\u00e7esi.<\/li>\n<\/ul>\n<p>Bu belgeler verildi\u011finde Alman konsoloslu\u011fu belgeleri inceleyip yeterli g\u00f6rd\u00fc\u011f\u00fc halde Schengen Ticari Vizesini verecektir.<\/p>\n<p>Ancak burada \u015funu hat\u0131rlatmak gerekir ki, al\u0131nan her Schengen ticari vizesi ileride al\u0131nacak Almanya\u2019da oturum i\u00e7in bir garanti te\u015fkil etmez. Onun \u015fartlar\u0131 a\u015fa\u011f\u0131da da de\u011finece\u011fimiz gibi daha farkl\u0131d\u0131r. Yetkili makam Almanya\u2019da oturum ba\u015fvurusu incelemesinde ayr\u0131ca Alman \u0130kamet Kanunu\u2019nun (Aufenhaltsgesetz) 21 inci maddesindeki \u015fartlar\u0131n yerine getirilip getirilmedi\u011fini kontrol etmekte ve ona g\u00f6re bir karar vermektedir. Bu kanunda yabanc\u0131 giri\u015fimci oturumu i\u00e7in istenen Almanya \u00e7ap\u0131nda en az 250.000 Euro yat\u0131r\u0131m ve en az 5 i\u015f\u00e7i \u00e7al\u0131\u015ftma \u015fart\u0131 2012 y\u0131l\u0131nda yap\u0131lan kanun de\u011fi\u015fikli\u011fi ile kald\u0131r\u0131lm\u0131\u015ft\u0131r.<\/p>\n<p>Bahsedilen bu maddeye g\u00f6re Almanya\u2019da ticari i\u015f yapan yabanc\u0131lara oturum verilebilir. Dikkat edilirse \u201cverilir\u201d denmiyor, \u201cverilebilir\u201d diyor. Yani bu konu b\u00fcy\u00fck \u00f6l\u00e7\u00fcde idari makamlar\u0131n takdirinde kalmaktad\u0131r. Ancak bunun i\u00e7in maddede baz\u0131 \u015fartlar s\u0131ralanmaktad\u0131r. Bunlar;<\/p>\n<ul>\n<li>Yap\u0131lacak yat\u0131r\u0131m\u0131n\/i\u015fin ekonomik bir gereksinimi veya b\u00f6lgesel bir ihtiyac\u0131 kar\u015f\u0131l\u0131yor olmas\u0131,<\/li>\n<li>Yap\u0131lacak yat\u0131r\u0131m\u0131n \/ i\u015fin Alman ekonomisine art\u0131 bir de\u011fer katmas\u0131,<\/li>\n<li>Yap\u0131lacak yat\u0131r\u0131m\u0131n sermayesinin ya ki\u015finin kendisinin koymas\u0131n\u0131n veya kredi yolu ile temin etmesinin garanti olmas\u0131 gerekmektedir.<\/li>\n<\/ul>\n<p>Bu \u015fartlar\u0131n yerine getirilip getirilmedi\u011fi tabi olarak idari memurun uzmanl\u0131k alan\u0131 de\u011fildir ve bu konuda mutlaka yetkili kamu veya \u00f6zel kurulu\u015flardan g\u00f6r\u00fc\u015f almas\u0131 ve baz\u0131 belgeler istemesi gerekmektedir. \u0130\u015fte burada giri\u015fimci T\u00fcrk vatanda\u015f\u0131 bir yat\u0131r\u0131m ve i\u015f plan\u0131 (Businessplan), i\u015f konsepti, sermaye ve mali plan, firma profili, tahmini k\u00e2r-zarar plan\u0131, \u00f6zge\u00e7mi\u015fini g\u00f6steren CW belgesi haz\u0131rlamal\u0131 ve sa\u011fl\u0131k sigortas\u0131n\u0131 belgelendirmelidir.<\/p>\n<p>Bizim tavsiyemiz t\u00fcm bu i\u015flemleri Almanya\u2019da konunun uzman\u0131 bir ki\u015fiyle beraber haz\u0131rlanmas\u0131 ve yine bu ki\u015fi arac\u0131l\u0131\u011f\u0131 ile nihayetinde haz\u0131rlanan belgelere g\u00f6re kurulacak \u015firket\/i\u015fletmenin tahmini olarak piyasa ger\u00e7ekli\u011fine uyup uymad\u0131\u011f\u0131, y\u00fcr\u00fct\u00fcl\u00fcp y\u00fcr\u00fct\u00fclemeyece\u011fi, 21 inci maddedeki \u015fartlar\u0131 yerine getirip getirmedi\u011fi hususunda Alman Sanayi ve Ticaret Odalar\u0131ndan (Industrie-und Handelskammer) g\u00f6r\u00fc\u015f (Stellungsnahme) al\u0131nmas\u0131 halinde giri\u015fimci oturumu almak daha kolay olacakt\u0131r.<\/p>\n<p>45 ya\u015f\u0131ndan b\u00fcy\u00fck olan giri\u015fimciler ayr\u0131ca emeklilik durumlar\u0131n\u0131 garantiye alan bir sigortay\u0131 veya malvarl\u0131\u011f\u0131n\u0131 belgelendirmek zorundad\u0131rlar.<\/p>\n<p>K\u0131sacas\u0131 Almanya\u2019da \u015firket kurmak, kurulu bir \u015firketi devralmak veya kurulu bir \u015firkete ortak olmak isteyen giri\u015fimciler bu i\u015flemleri kendileri yapabilecekleri gibi, verecekleri vekaletname ile Almanya\u2019daki bir avukata da yapt\u0131rabilirler.<\/p>\n<h3>Biz size nas\u0131l yard\u0131mc\u0131 olabiliriz<\/h3>\n<ol>\n<li>\u015eirket kurulmas\u0131 i\u00e7in gerekli Noter&#8217;i temin ederiz \u015eirketin kurulmas\u0131 i\u00e7in gerekli Ana s\u00f6zle\u015fmeyi haz\u0131rlar\u0131z<\/li>\n<li>\u0130\u015f Konseptiniz varsa Terc\u00fcme ederiz yoksa haz\u0131rlan\u0131mda yard\u0131mc\u0131 oluruz<\/li>\n<li>Vize ba\u015fvurusu s\u00fcreci ve sonraki Oturum m\u00fcsadesi i\u00e7in gerekli bir Avukat bulmakta yard\u0131mc\u0131 oluruz.<\/li>\n<li>Maliyeye ba\u015fvurular\u0131 Vergi numaras\u0131 al\u0131m\u0131 ve genel \u015eirketin Muhasebesini yapar\u0131z.<\/li>\n<\/ol>\n<p>B\u00fct\u00fcn bunlar\u0131n bir \u00fccreti vard\u0131r fakat o sizin alm\u0131\u015f oldu\u011funuz rakamlar\u0131n \u00e7ok alt\u0131ndad\u0131r.<\/p>\n<h3>Iletisim bilgileri<\/h3>\n<p>Mehmet\u00a0Ko\u00e7<br \/>\nKoc\u00a0Muhasebe Danismanlik ve Hizmet B\u00fcrosu<\/p>\n<p>Oranienstra\u00dfe 55<br \/>\n10969 Berlin<br \/>\nTel\u00a0\u00a0 0049 30 690 40 390<br \/>\nFax\u00a0 0049 30 690 40 392<\/p>\n<h3>Almanya&#8217;da \u015eirket Kuran T\u00fcrk Giri\u015fimciler Oturum Alabilecek<\/h3>\n<p>Almanya\u2019da yat\u0131r\u0131m yapmak isteyen yabanc\u0131 uyruklu m\u00fcte\u015febbislere giri\u015fimci oturumu i\u00e7in \u00f6ng\u00f6r\u00fclen en az 250 bin Euro\u2019luk yat\u0131r\u0131m ve en az 5 \u00e7al\u0131\u015fan istihdam\u0131 \u015fart\u0131 2012 y\u0131l\u0131nda kald\u0131r\u0131ld\u0131. De\u011fi\u015fiklikten sonra yat\u0131r\u0131m\u0131n gereklili\u011fi\/b\u00f6lgesel faydas\u0131, katma de\u011fer olu\u015fturmas\u0131 ve finansman\u0131n\u0131n garanti edilmesi \u015fartlar\u0131n\u0131n yerine getirilmesi yeterli oluyor.<\/p>\n<p>T\u00fcrk giri\u015fimcilerin oturum \u015fart\u0131 aranmaks\u0131z\u0131n Almanya\u2019da \u015firket kurabilecekleri gibi yasal \u015fartlar\u0131 uygunsa giri\u015fimci oturumu alma haklar\u0131n\u0131n da oldu\u011funu a\u00e7\u0131klad\u0131.<\/p>\n<p>Bir T\u00fcrk vatanda\u015f\u0131n\u0131n veya ba\u015fka bir yabanc\u0131 k\u00f6kenlinin Almanya\u2019da oturumu ve herhangi bir yat\u0131r\u0131m miktar\u0131 s\u0131n\u0131rlamas\u0131 olmadan diledi\u011fi bir \u015firket t\u00fcr\u00fcn\u00fc, i\u015fletmesini kurabilece\u011fi gibi kurulu bir \u015firketi veya i\u015fletmeyi devralabilece\u011fini, herhangi birine ortak olabilece\u011fini, Alman mevzuat\u0131nda buna engel herhangi bir h\u00fck\u00fcm bulunmad\u0131\u011f\u0131n\u0131 s\u00f6yledi.<\/p>\n<p>Almanya\u2019da \u015firket kuran, kurulu bir \u015firkete ortak olan veya bir \u015firketi devralan bir T\u00fcrk giri\u015fimci Schengen giri\u015fimci vizesi (Businessvisum) ve\/veya giri\u015fimci oturumu alabiliyor. Almanya\u2019da i\u015f kurmak amac\u0131yla al\u0131nmas\u0131 gerekli Schengen ticari vizesi istenilen belgelerin ibraz\u0131 ile T\u00fcrkiye\u2019deki Alman konsolosluklar\u0131nca 180 g\u00fcn i\u00e7inde 90 g\u00fcn olarak veriliyor.<\/p>\n<p>Al\u0131nan her Schengen ticari vizesi ileride al\u0131nacak Almanya\u2019da oturum i\u00e7in bir garanti te\u015fkil etmiyor. Bunun i\u00e7in yetkili makam Almanya\u2019da oturum ba\u015fvurusu incelemesinde ayr\u0131ca Alman \u0130kamet Kanunu\u2019nun (Aufenhaltsgesetz) 21. maddesindeki \u015fartlar\u0131n yerine getirilip getirilmedi\u011fini kontrol ediyor. Alman \u0130kamet Kanunun 21. maddesinde, yap\u0131lacak yat\u0131r\u0131m\u0131n\/i\u015fin ekonomik bir gereksinimi veya b\u00f6lgesel bir ihtiyac\u0131 kar\u015f\u0131l\u0131yor olmas\u0131, yap\u0131lacak yat\u0131r\u0131m\u0131n\/i\u015fin Alman ekonomisine art\u0131 bir de\u011fer katmas\u0131 ve yap\u0131lacak yat\u0131r\u0131m\u0131n sermayesini ya ki\u015finin kendisinin koymas\u0131n\u0131n veya kredi yolu ile temin etmesinin garanti olmas\u0131 \u015feklinde \u00fc\u00e7 \u015fart aran\u0131yor.<\/p>\n<p>Giri\u015fimci T\u00fcrk vatanda\u015f\u0131 bir yat\u0131r\u0131m ve i\u015f plan\u0131 (Businessplan), i\u015f konsepti, sermaye ve mali plan, firma profili, tahmini k\u00e2r-zarar plan\u0131, \u00f6zge\u00e7mi\u015fini g\u00f6steren ba\u015fvuru belgesi haz\u0131rl\u0131yor ve sa\u011fl\u0131k sigortas\u0131n\u0131 belgelendiriyor. Alman yabanc\u0131lar dairesi bu belgelere g\u00f6re 21. maddedeki \u015fartlar\u0131 yerine getirilip getirmedi\u011fi hususunda Alman Sanayi ve Ticaret Odalar\u0131\u2019ndan (Industrie-und Handelskammer) g\u00f6r\u00fc\u015f sorabiliyor.<\/p>\n<p>Giri\u015fimci oturumu i\u00e7in isteyen m\u00fcte\u015febbislerden talep edilen Almanya \u00e7ap\u0131nda en az 250 bin Euro\u2019luk yat\u0131r\u0131m ve en az 5 \u00e7al\u0131\u015fan istihdam\u0131 \u015fartlar\u0131n\u0131n 2012 y\u0131l\u0131nda yap\u0131lan kanun de\u011fi\u015fikli\u011fi ile kald\u0131r\u0131ld\u0131 &#8222;Ancak unutmamak gerekir ki, b\u00fct\u00fcn bunlara ra\u011fmen oturumu verip vermeme konusu tamamen idarenin takdirindedir.&#8220; uyar\u0131s\u0131nda bulunuyor.<\/p>\n<p>Almanya\u2019da Limited (GmbH), Anonim (AG), Kommadit (KG) e adi \u015firket (GbR) t\u00fcrlerinin kurulabilece\u011fi gibi T\u00fcrkiye\u2019deki \u015firketin \u015fubelerinin ve ticari temsilciliklerinin de a\u00e7\u0131labilir Almanya\u2019da haz\u0131r kurulu bir \u015firketin de devral\u0131nabilece\u011fini. Yinede \u015firket veya i\u015fletmeler en az bir ki\u015fi ile birlikte birden \u00e7ok ortak taraf\u0131ndan kurulabiliyor ve kurulu\u015f i\u015flemlerini ki\u015filer kendileri yapabildikleri gibi T\u00fcrkiye\u2019den usul\u00fcne uygun verdikleri vek\u00e2letname ile Almanya\u2019da y\u00fcr\u00fctebiliyorlar.<\/p>\n<p>Daha fazla bilgi icin ekteki makaleyi inceleyebilirsiniz: <a href=\"http:\/\/www.almanyakonsoloslugu.com\/almanya-yatirimci-vizesi\">http:\/\/www.almanyakonsoloslugu.com\/almanya-yatirimci-vizesi<\/a><\/p>\n<p>&nbsp;<\/p>\n<p>&nbsp;<\/p>\n","protected":false},"excerpt":{"rendered":"<p>T\u00fcrkiye\u2019deki giri\u015fimciler i\u00e7in hizmetlerimiz mevcuttur. B\u00fct\u00fcn bu bilgileri Alman Ticaret Odas\u0131 \u0130stanbuldan da alabilirsiniz, Randevular zor olsa da. AB d\u0131\u015f\u0131nda bulunan ve Almanya\u2019ya yat\u0131r\u0131m ama\u00e7l\u0131 gelmek<span class=\"excerpt-hellip\"> [\u2026]<\/span><\/p>\n","protected":false},"author":1,"featured_media":0,"parent":0,"menu_order":0,"comment_status":"closed","ping_status":"closed","template":"","meta":{"_exactmetrics_skip_tracking":false,"_exactmetrics_sitenote_active":false,"_exactmetrics_sitenote_note":"","_exactmetrics_sitenote_category":0},"_links":{"self":[{"href":"https:\/\/www.koc.de\/index.php?rest_route=\/wp\/v2\/pages\/141"}],"collection":[{"href":"https:\/\/www.koc.de\/index.php?rest_route=\/wp\/v2\/pages"}],"about":[{"href":"https:\/\/www.koc.de\/index.php?rest_route=\/wp\/v2\/types\/page"}],"author":[{"embeddable":true,"href":"https:\/\/www.koc.de\/index.php?rest_route=\/wp\/v2\/users\/1"}],"replies":[{"embeddable":true,"href":"https:\/\/www.koc.de\/index.php?rest_route=%2Fwp%2Fv2%2Fcomments&post=141"}],"version-history":[{"count":7,"href":"https:\/\/www.koc.de\/index.php?rest_route=\/wp\/v2\/pages\/141\/revisions"}],"predecessor-version":[{"id":178,"href":"https:\/\/www.koc.de\/index.php?rest_route=\/wp\/v2\/pages\/141\/revisions\/178"}],"wp:attachment":[{"href":"https:\/\/www.koc.de\/index.php?rest_route=%2Fwp%2Fv2%2Fmedia&parent=141"}],"curies":[{"name":"wp","href":"https:\/\/api.w.org\/{rel}","templated":true}]}}