{"id":210,"date":"2018-06-25T13:28:13","date_gmt":"2018-06-25T13:28:13","guid":{"rendered":"http:\/\/www.koc.de\/?page_id=210"},"modified":"2018-06-25T14:33:19","modified_gmt":"2018-06-25T14:33:19","slug":"formulare","status":"publish","type":"page","link":"https:\/\/www.koc.de\/?page_id=210","title":{"rendered":"Formulare"},"content":{"rendered":"<h5 style=\"color: #0000FF;\">Zum Herunterladen der Formulare auf der Datei Rechts klicken und &#8222;Ziel speichern unter&#8220; ausw\u00e4hlen<\/h5>\n<h5><a style=\"color: #0000FF;\" href=\"http:\/\/www.koc.de\/wp-content\/uploads\/edd\/2018\/06\/Stundenzettel-pro-Monat.xls\"><i class=\"icon-doc-text\"><\/i> Stundenzettel <\/a><\/h5>\n<h5><a style=\"color: #0000FF;\" href=\"http:\/\/www.koc.de\/wp-content\/uploads\/edd\/2018\/06\/Mitarbeiter-Stammdaten-neu-IBAN.xls\"><i class=\"icon-doc-text\"><\/i> Mitarbeiter-Stammdaten <\/a><\/h5>\n<h5><a style=\"color: #0000FF;\" href=\"http:\/\/www.koc.de\/wp-content\/uploads\/edd\/2018\/06\/Mandantenstammblatt-Vorlage-EH-2014-neu.xls\"><i class=\"icon-doc-text\"><\/i> Mandanten-Stammdaten <\/a><\/h5>\n<h5><a style=\"color: #0000FF;\" href=\"http:\/\/www.koc.de\/wp-content\/uploads\/edd\/2018\/06\/Befreiungsantrag_RV_Pflicht.pdf\"><i class=\"icon-doc-text\"><\/i> Befreiungsantrag Rentenversicherung Pflicht <\/a><\/h5>\n<h5><a style=\"color: #0000FF;\" href=\"http:\/\/www.koc.de\/wp-content\/uploads\/edd\/2018\/06\/MFB.doc\"><i class=\"icon-doc-text\"><\/i> Arbeitnehmer-Erkl\u00e4rung zur geringf\u00fcgigen Besch\u00e4ftigung <\/a><\/h5>\n","protected":false},"excerpt":{"rendered":"<p>Zum Herunterladen der Formulare auf der Datei Rechts klicken und &#8222;Ziel speichern unter&#8220; ausw\u00e4hlen Stundenzettel Mitarbeiter-Stammdaten Mandanten-Stammdaten Befreiungsantrag Rentenversicherung Pflicht Arbeitnehmer-Erkl\u00e4rung zur geringf\u00fcgigen Besch\u00e4ftigung<\/p>\n","protected":false},"author":1,"featured_media":0,"parent":0,"menu_order":0,"comment_status":"closed","ping_status":"closed","template":"","meta":{"_exactmetrics_skip_tracking":false,"_exactmetrics_sitenote_active":false,"_exactmetrics_sitenote_note":"","_exactmetrics_sitenote_category":0},"_links":{"self":[{"href":"https:\/\/www.koc.de\/index.php?rest_route=\/wp\/v2\/pages\/210"}],"collection":[{"href":"https:\/\/www.koc.de\/index.php?rest_route=\/wp\/v2\/pages"}],"about":[{"href":"https:\/\/www.koc.de\/index.php?rest_route=\/wp\/v2\/types\/page"}],"author":[{"embeddable":true,"href":"https:\/\/www.koc.de\/index.php?rest_route=\/wp\/v2\/users\/1"}],"replies":[{"embeddable":true,"href":"https:\/\/www.koc.de\/index.php?rest_route=%2Fwp%2Fv2%2Fcomments&post=210"}],"version-history":[{"count":8,"href":"https:\/\/www.koc.de\/index.php?rest_route=\/wp\/v2\/pages\/210\/revisions"}],"predecessor-version":[{"id":233,"href":"https:\/\/www.koc.de\/index.php?rest_route=\/wp\/v2\/pages\/210\/revisions\/233"}],"wp:attachment":[{"href":"https:\/\/www.koc.de\/index.php?rest_route=%2Fwp%2Fv2%2Fmedia&parent=210"}],"curies":[{"name":"wp","href":"https:\/\/api.w.org\/{rel}","templated":true}]}}